{"id":2,"date":"2025-03-24T15:38:37","date_gmt":"2025-03-24T14:38:37","guid":{"rendered":"http:\/\/portfolio.jahnik.labry.mmi-velizy.fr\/wordpress\/?page_id=2"},"modified":"2025-06-06T19:28:14","modified_gmt":"2025-06-06T17:28:14","slug":"page-d-accueil","status":"publish","type":"page","link":"https:\/\/portfolio.jahnik.labry.mmi-velizy.fr\/wordpress\/","title":{"rendered":"Jahnik Labry : Portfolio"},"content":{"rendered":"\n<div class=\"wp-block-group has-body-font-family is-vertical is-content-justification-center is-layout-flex wp-container-core-group-is-layout-c1f31439 wp-block-group-is-layout-flex\" style=\"padding-top:var(--wp--preset--spacing--20)\">\n<div class=\"wp-block-group has-global-padding is-layout-constrained wp-container-core-group-is-layout-7eddad71 wp-block-group-is-layout-constrained\" style=\"padding-top:var(--wp--preset--spacing--20);padding-right:var(--wp--preset--spacing--60);padding-bottom:var(--wp--preset--spacing--30);padding-left:var(--wp--preset--spacing--60)\">\n<div class=\"wp-block-group has-background is-nowrap is-layout-flex wp-container-core-group-is-layout-79677b49 wp-block-group-is-layout-flex\" style=\"border-radius:15px;background-color:#3b3b3b;margin-top:0;margin-bottom:0;padding-top:var(--wp--preset--spacing--10);padding-right:var(--wp--preset--spacing--10);padding-bottom:var(--wp--preset--spacing--10);padding-left:var(--wp--preset--spacing--10);box-shadow:var(--wp--preset--shadow--natural)\">\n<div class=\"wp-block-group has-body-font-family has-global-padding is-content-justification-left is-layout-constrained wp-container-core-group-is-layout-2ed9694b wp-block-group-is-layout-constrained\" style=\"margin-top:0;margin-bottom:0;padding-top:0;padding-right:0;padding-bottom:0;padding-left:0\">\n<h1 class=\"wp-block-heading has-body-font-family\" style=\"text-transform:uppercase\">Jahnik Labry<\/h1>\n\n\n\n<p class=\"has-contrast-2-color has-text-color has-link-color has-body-font-family wp-elements-b4aa5ff52341f046363ca27496350e67\">J&rsquo;ai 19 ans et je suis un \u00e9tudiant en BUT M\u00e9tiers du Multim\u00e9dia et de l&rsquo;Internet \u00e0 V\u00e9lizy, o\u00f9 j&rsquo;apprends le graphisme, l&rsquo;audiovisuel, la communication et le d\u00e9veloppement web. A l&rsquo;issue de mes \u00e9tudes, je souhaite devenir game designer, d\u00e9veloppeur web ou graphiste.<\/p>\n<\/div>\n\n\n\n<figure class=\"wp-block-image size-full is-resized has-custom-border\"><img loading=\"lazy\" decoding=\"async\" width=\"2316\" height=\"3088\" src=\"https:\/\/portfolio.jahnik.labry.mmi-velizy.fr\/wordpress\/wp-content\/uploads\/2025\/04\/photo-sae204.png\" alt=\"\" class=\"has-border-color has-contrast-3-border-color wp-image-437\" style=\"border-width:1px;border-radius:15px;aspect-ratio:1;object-fit:cover;width:800px\" srcset=\"https:\/\/portfolio.jahnik.labry.mmi-velizy.fr\/wordpress\/wp-content\/uploads\/2025\/04\/photo-sae204.png 2316w, https:\/\/portfolio.jahnik.labry.mmi-velizy.fr\/wordpress\/wp-content\/uploads\/2025\/04\/photo-sae204-225x300.png 225w, https:\/\/portfolio.jahnik.labry.mmi-velizy.fr\/wordpress\/wp-content\/uploads\/2025\/04\/photo-sae204-768x1024.png 768w, https:\/\/portfolio.jahnik.labry.mmi-velizy.fr\/wordpress\/wp-content\/uploads\/2025\/04\/photo-sae204-1152x1536.png 1152w, https:\/\/portfolio.jahnik.labry.mmi-velizy.fr\/wordpress\/wp-content\/uploads\/2025\/04\/photo-sae204-1536x2048.png 1536w\" sizes=\"auto, (max-width: 2316px) 100vw, 2316px\" \/><\/figure>\n<\/div>\n<\/div>\n\n\n\n<div class=\"wp-block-group has-global-padding is-layout-constrained wp-block-group-is-layout-constrained\" style=\"padding-top:0;padding-bottom:0\">\n<hr class=\"wp-block-separator has-alpha-channel-opacity is-style-default\" style=\"margin-top:var(--wp--preset--spacing--50)\"\/>\n\n\n\n<div class=\"wp-block-group has-global-padding is-layout-constrained wp-block-group-is-layout-constrained\">\n<div class=\"wp-block-group is-vertical is-content-justification-center is-layout-flex wp-container-core-group-is-layout-08493a21 wp-block-group-is-layout-flex\" style=\"padding-top:var(--wp--preset--spacing--40);padding-bottom:var(--wp--preset--spacing--40)\">\n<h1 class=\"wp-block-heading has-body-font-family\">Articles<\/h1>\n\n\n<ul style=\"padding-top:var(--wp--preset--spacing--50);padding-bottom:var(--wp--preset--spacing--50);\" class=\"wp-block-latest-posts__list has-dates wp-block-latest-posts\"><li><div class=\"wp-block-latest-posts__featured-image aligncenter\"><img loading=\"lazy\" decoding=\"async\" width=\"300\" height=\"300\" src=\"https:\/\/portfolio.jahnik.labry.mmi-velizy.fr\/wordpress\/wp-content\/uploads\/2025\/03\/logotype-final-300x300.png\" class=\"attachment-medium size-medium wp-post-image\" alt=\"\" style=\"\" srcset=\"https:\/\/portfolio.jahnik.labry.mmi-velizy.fr\/wordpress\/wp-content\/uploads\/2025\/03\/logotype-final-300x300.png 300w, https:\/\/portfolio.jahnik.labry.mmi-velizy.fr\/wordpress\/wp-content\/uploads\/2025\/03\/logotype-final-1024x1024.png 1024w, https:\/\/portfolio.jahnik.labry.mmi-velizy.fr\/wordpress\/wp-content\/uploads\/2025\/03\/logotype-final-150x150.png 150w, https:\/\/portfolio.jahnik.labry.mmi-velizy.fr\/wordpress\/wp-content\/uploads\/2025\/03\/logotype-final-768x768.png 768w, https:\/\/portfolio.jahnik.labry.mmi-velizy.fr\/wordpress\/wp-content\/uploads\/2025\/03\/logotype-final-1536x1536.png 1536w, https:\/\/portfolio.jahnik.labry.mmi-velizy.fr\/wordpress\/wp-content\/uploads\/2025\/03\/logotype-final-2048x2048.png 2048w\" sizes=\"auto, (max-width: 300px) 100vw, 300px\" \/><\/div><a class=\"wp-block-latest-posts__post-title\" href=\"https:\/\/portfolio.jahnik.labry.mmi-velizy.fr\/wordpress\/2025\/04\/12\/logotype-et-identite-visuelle\/\">Logotype et identit\u00e9 visuelle<\/a><time datetime=\"2025-04-12T11:54:05+02:00\" class=\"wp-block-latest-posts__post-date\">12 avril 2025<\/time><\/li>\n<li><div class=\"wp-block-latest-posts__featured-image aligncenter\"><img loading=\"lazy\" decoding=\"async\" width=\"300\" height=\"199\" src=\"https:\/\/portfolio.jahnik.labry.mmi-velizy.fr\/wordpress\/wp-content\/uploads\/2025\/04\/bataille-tech-300x199.png\" class=\"attachment-medium size-medium wp-post-image\" alt=\"tournage bataille de la tech\" style=\"\" srcset=\"https:\/\/portfolio.jahnik.labry.mmi-velizy.fr\/wordpress\/wp-content\/uploads\/2025\/04\/bataille-tech-300x199.png 300w, https:\/\/portfolio.jahnik.labry.mmi-velizy.fr\/wordpress\/wp-content\/uploads\/2025\/04\/bataille-tech-1024x678.png 1024w, https:\/\/portfolio.jahnik.labry.mmi-velizy.fr\/wordpress\/wp-content\/uploads\/2025\/04\/bataille-tech-768x509.png 768w, https:\/\/portfolio.jahnik.labry.mmi-velizy.fr\/wordpress\/wp-content\/uploads\/2025\/04\/bataille-tech.png 1184w\" sizes=\"auto, (max-width: 300px) 100vw, 300px\" \/><\/div><a class=\"wp-block-latest-posts__post-title\" href=\"https:\/\/portfolio.jahnik.labry.mmi-velizy.fr\/wordpress\/2025\/04\/10\/film-documentaire\/\">Film documentaire<\/a><time datetime=\"2025-04-10T18:28:17+02:00\" class=\"wp-block-latest-posts__post-date\">10 avril 2025<\/time><\/li>\n<\/ul>\n\n\n<div class=\"wp-block-button has-custom-width wp-block-button__width-100 is-style-fill\"><a class=\"wp-block-button__link has-contrast-color has-text-color has-background has-link-color wp-element-button\" href=\"https:\/\/portfolio.jahnik.labry.mmi-velizy.fr\/wordpress\/blog\/\" style=\"background-color:#000000;box-shadow:var(--wp--preset--shadow--natural)\">Voir le blog<\/a><\/div>\n<\/div>\n<\/div>\n\n\n\n<hr class=\"wp-block-separator has-alpha-channel-opacity is-style-default\" style=\"margin-top:var(--wp--preset--spacing--40);margin-bottom:var(--wp--preset--spacing--40)\"\/>\n\n\n\n<div class=\"wp-block-group is-vertical is-content-justification-center is-layout-flex wp-container-core-group-is-layout-e5675379 wp-block-group-is-layout-flex\" style=\"padding-top:var(--wp--preset--spacing--40)\">\n<h1 class=\"wp-block-heading has-text-align-center has-body-font-family\">Mon parcours<\/h1>\n\n\n\n<div class=\"wp-block-group has-global-padding is-layout-constrained wp-block-group-is-layout-constrained\" style=\"padding-top:var(--wp--preset--spacing--40);padding-bottom:var(--wp--preset--spacing--40)\">\n<div class=\"wp-block-group is-nowrap is-layout-flex wp-container-core-group-is-layout-6c531013 wp-block-group-is-layout-flex\">\n<figure class=\"wp-block-image\"><img decoding=\"async\" src=\"http:\/\/portfolio.jahnik.labry.mmi-velizy.fr\/wordpress\/wp-content\/uploads\/2025\/04\/campus_velizy.jpg\" alt=\"image entr\u00e9e iut de v\u00e9lizy\"\/><figcaption class=\"wp-element-caption\">L&rsquo;IUT de V\u00e9lizy, V\u00e9lizy-Villacoublay (78)<\/figcaption><\/figure>\n\n\n\n<div class=\"wp-block-group is-vertical is-content-justification-center is-layout-flex wp-container-core-group-is-layout-ce155fab wp-block-group-is-layout-flex\">\n<figure class=\"wp-block-image\"><img decoding=\"async\" src=\"http:\/\/portfolio.jahnik.labry.mmi-velizy.fr\/wordpress\/wp-content\/uploads\/2025\/04\/screen-cv-1024x507.png\" alt=\"image cv anglais\"\/><figcaption class=\"wp-element-caption\">Mon site de pr\u00e9sentation en anglais (pas \u00e0 jour)<\/figcaption><\/figure>\n\n\n\n<figure class=\"wp-block-image\"><img decoding=\"async\" src=\"http:\/\/portfolio.jahnik.labry.mmi-velizy.fr\/wordpress\/wp-content\/uploads\/2025\/03\/logotype-final-1024x1024.png\" alt=\"\"\/><figcaption class=\"wp-element-caption\">Mon logo pour une entreprise fictive<\/figcaption><\/figure>\n<\/div>\n<\/div>\n<\/div>\n\n\n\n<div class=\"wp-block-button\"><a class=\"wp-block-button__link has-contrast-color has-text-color has-background has-link-color wp-element-button\" href=\"https:\/\/portfolio.jahnik.labry.mmi-velizy.fr\/wordpress\/mon-parcours\/\" style=\"background-color:#000000;box-shadow:var(--wp--preset--shadow--natural)\">Voir mon parcours<\/a><\/div>\n\n\n\n<hr class=\"wp-block-separator has-alpha-channel-opacity is-style-default\" style=\"margin-top:var(--wp--preset--spacing--50);margin-bottom:var(--wp--preset--spacing--50)\"\/>\n<\/div>\n<\/div>\n<\/div>\n\n\n\n<p><\/p>\n","protected":false},"excerpt":{"rendered":"<p>Jahnik Labry J&rsquo;ai 19 ans et je suis un \u00e9tudiant en BUT M\u00e9tiers du Multim\u00e9dia et de l&rsquo;Internet \u00e0 V\u00e9lizy, o\u00f9 j&rsquo;apprends le graphisme, l&rsquo;audiovisuel, la communication et le d\u00e9veloppement web. A l&rsquo;issue de mes \u00e9tudes, je souhaite devenir game designer, d\u00e9veloppeur web ou graphiste. Articles Mon parcours<\/p>\n","protected":false},"author":1,"featured_media":0,"parent":0,"menu_order":0,"comment_status":"closed","ping_status":"closed","template":"","meta":{"footnotes":""},"class_list":["post-2","page","type-page","status-publish","hentry"],"_links":{"self":[{"href":"https:\/\/portfolio.jahnik.labry.mmi-velizy.fr\/wordpress\/wp-json\/wp\/v2\/pages\/2","targetHints":{"allow":["GET"]}}],"collection":[{"href":"https:\/\/portfolio.jahnik.labry.mmi-velizy.fr\/wordpress\/wp-json\/wp\/v2\/pages"}],"about":[{"href":"https:\/\/portfolio.jahnik.labry.mmi-velizy.fr\/wordpress\/wp-json\/wp\/v2\/types\/page"}],"author":[{"embeddable":true,"href":"https:\/\/portfolio.jahnik.labry.mmi-velizy.fr\/wordpress\/wp-json\/wp\/v2\/users\/1"}],"replies":[{"embeddable":true,"href":"https:\/\/portfolio.jahnik.labry.mmi-velizy.fr\/wordpress\/wp-json\/wp\/v2\/comments?post=2"}],"version-history":[{"count":85,"href":"https:\/\/portfolio.jahnik.labry.mmi-velizy.fr\/wordpress\/wp-json\/wp\/v2\/pages\/2\/revisions"}],"predecessor-version":[{"id":557,"href":"https:\/\/portfolio.jahnik.labry.mmi-velizy.fr\/wordpress\/wp-json\/wp\/v2\/pages\/2\/revisions\/557"}],"wp:attachment":[{"href":"https:\/\/portfolio.jahnik.labry.mmi-velizy.fr\/wordpress\/wp-json\/wp\/v2\/media?parent=2"}],"curies":[{"name":"wp","href":"https:\/\/api.w.org\/{rel}","templated":true}]}}