{"id":172,"date":"2025-04-07T22:59:36","date_gmt":"2025-04-07T20:59:36","guid":{"rendered":"https:\/\/portfolio.jahnik.labry.mmi-velizy.fr\/wordpress\/?page_id=172"},"modified":"2025-04-10T22:48:44","modified_gmt":"2025-04-10T20:48:44","slug":"mon-parcours","status":"publish","type":"page","link":"https:\/\/portfolio.jahnik.labry.mmi-velizy.fr\/wordpress\/mon-parcours\/","title":{"rendered":"Mon parcours"},"content":{"rendered":"\n<div class=\"wp-block-group has-global-padding is-layout-constrained wp-container-core-group-is-layout-64ca2563 wp-block-group-is-layout-constrained\" style=\"padding-bottom:var(--wp--preset--spacing--30)\">\n<div class=\"wp-block-group has-base-2-background-color has-background has-global-padding is-layout-constrained wp-block-group-is-layout-constrained\" style=\"border-radius:15px;padding-bottom:var(--wp--preset--spacing--60);box-shadow:var(--wp--preset--shadow--natural)\">\n<h1 class=\"wp-block-heading has-text-align-center has-body-font-family\" style=\"padding-top:var(--wp--preset--spacing--60);padding-bottom:var(--wp--preset--spacing--30)\"><strong>Mon parcours<\/strong><\/h1>\n\n\n\n<div class=\"wp-block-group has-global-padding is-layout-constrained wp-block-group-is-layout-constrained\">\n<div class=\"wp-block-buttons has-custom-font-size is-content-justification-center is-layout-flex wp-container-core-buttons-is-layout-a89b3969 wp-block-buttons-is-layout-flex\" style=\"font-size:clamp(18.434px, 1.152rem + ((1vw - 3.2px) * 1.101), 29px);\">\n<div class=\"wp-block-button is-style-fill\"><a class=\"wp-block-button__link has-contrast-color has-text-color has-background has-link-color wp-element-button\" href=\"#parcoursformation\" style=\"background-color:#000000;box-shadow:var(--wp--preset--shadow--natural)\">Ma formation<\/a><\/div>\n\n\n\n<div class=\"wp-block-button is-style-fill\"><a class=\"wp-block-button__link has-contrast-color has-text-color has-background has-link-color wp-element-button\" href=\"#projetpro\" style=\"background-color:#000000;box-shadow:var(--wp--preset--shadow--natural)\">Mon projet professionnel<\/a><\/div>\n<\/div>\n<\/div>\n<\/div>\n\n\n\n<h2 class=\"wp-block-heading has-text-align-center has-body-font-family\" id=\"parcoursformation\" style=\"padding-top:var(--wp--preset--spacing--50);padding-bottom:var(--wp--preset--spacing--20)\"><strong>Ma formation<\/strong><\/h2>\n\n\n\n<div class=\"wp-block-group is-layout-flow wp-block-group-is-layout-flow\">\n<div class=\"wp-block-group is-layout-flow wp-block-group-is-layout-flow\" style=\"padding-top:var(--wp--preset--spacing--30);padding-bottom:var(--wp--preset--spacing--30)\">\n<h3 class=\"wp-block-heading has-text-align-center has-body-font-family\" style=\"padding-top:0;padding-bottom:var(--wp--preset--spacing--30)\">Baccalaur\u00e9at g\u00e9n\u00e9ral<\/h3>\n\n\n\n<p>Depuis Juillet 2024, je suis titulaire d&rsquo;un baccalaur\u00e9at g\u00e9n\u00e9ral avec les sp\u00e9cialit\u00e9s Math\u00e9matiques et NSI (Num\u00e9rique et Sciences Informatiques), que j&rsquo;ai obtenu au lyc\u00e9e de l&rsquo;Essouriau aux Ulis.<\/p>\n<\/div>\n\n\n\n<div class=\"wp-block-group is-layout-flow wp-block-group-is-layout-flow\" style=\"padding-top:var(--wp--preset--spacing--30);padding-bottom:var(--wp--preset--spacing--30)\">\n<h3 class=\"wp-block-heading has-text-align-center has-body-font-family\" style=\"padding-top:0;padding-bottom:var(--wp--preset--spacing--30)\">BUT M\u00e9tiers du Multim\u00e9dia et de l&rsquo;Internet<\/h3>\n\n\n\n<p>Depuis septembre 2024, je suis un \u00e9tudiant en premi\u00e8re ann\u00e9e de Bachelor Universitaire de Technologie, dans le d\u00e9partement MMI (M\u00e9tiers du Multim\u00e9dia et de l&rsquo;Internet) au sein de l&rsquo;IUT de V\u00e9lizy.<\/p>\n\n\n\n<p>Ce dipl\u00f4me forme des professionnels polyvalents poss\u00e9dant des comp\u00e9tences dans plusieurs domaines du num\u00e9rique :<\/p>\n\n\n\n<ul class=\"wp-block-list\">\n<li>Le d\u00e9veloppement web (cr\u00e9ation et h\u00e9bergement des sites web, apprentissage des langages HTML, CSS, JavaScript et PHP).<\/li>\n\n\n\n<li>Le graphisme (cr\u00e9ation de d\u00e9cor de jeu 2D, de logos et autres avec les logiciels de la suite Adobe)<\/li>\n<\/ul>\n\n\n\n<p>Elle permet de nombreuses d\u00e9bouch\u00e9es professionnelles et je penche plut\u00f4t vers l&rsquo;exercice du m\u00e9tier de d\u00e9veloppeur web ou de game designer<\/p>\n\n\n\n<p>d\u00e9veloppement web (les langages HTML, CSS, JavaScript ou encore PHP), la strat\u00e9gie de communication et le marketing, l&rsquo;audiovisuel (le montage vid\u00e9o, l&rsquo;installation de l&rsquo;\u00e9quipement pour un tournage), ainsi que la cr\u00e9ation num\u00e9rique (apprentissage des logiciels de la suite Adobe).&nbsp;<\/p>\n<\/div>\n<\/div>\n\n\n\n<h2 class=\"wp-block-heading has-text-align-center has-body-font-family\" id=\"projetpro\" style=\"padding-top:var(--wp--preset--spacing--40);padding-bottom:var(--wp--preset--spacing--40)\"><strong>Mon projet professionnel<\/strong><\/h2>\n\n\n\n<div class=\"wp-block-group is-layout-flow wp-block-group-is-layout-flow\">\n<div class=\"wp-block-group is-vertical is-content-justification-center is-layout-flex wp-container-core-group-is-layout-7add347e wp-block-group-is-layout-flex\" style=\"padding-top:var(--wp--preset--spacing--30);padding-bottom:var(--wp--preset--spacing--30)\">\n<h3 class=\"wp-block-heading has-text-align-center has-body-font-family\" style=\"padding-top:0;padding-bottom:var(--wp--preset--spacing--30)\">Game designer<\/h3>\n\n\n\n<p>Le game designer est charg\u00e9 du d\u00e9veloppement graphique d\u2019un jeu vid\u00e9o au sein d\u2019une entreprise \u00e9ditrice de jeu vid\u00e9o. Il a pour r\u00f4le la cr\u00e9ation du gameplay, c\u2019est-\u00e0-dire la cr\u00e9ation de l\u2019histoire, des personnages et de la prise en main du jeu, c&rsquo;est lui qui est en charge de la cr\u00e9ation d&rsquo;une exp\u00e9rience agr\u00e9able pour le joueur. Pour cela, il travaille aux c\u00f4t\u00e9s d\u2019artistes et de d\u00e9veloppeurs. Avec de l\u2019exp\u00e9rience, il peut devenir lead game designer et donner des instructions \u00e0 ses collaborateurs pour qu&rsquo;ils traduisent ses envies en dessins de personnages et en interactions.<\/p>\n\n\n\n<p>Ce m\u00e9tier me permet de travailler dans le secteur du jeu vid\u00e9o, ce qui est mon objectif depuis mon enfance. Je pense qu&rsquo;\u00e0 l&rsquo;issue du BUT MMI, il est plus probable que je m&rsquo;oriente vers ce m\u00e9tier.<\/p>\n<\/div>\n\n\n\n<div class=\"wp-block-group is-vertical is-content-justification-center is-layout-flex wp-container-core-group-is-layout-7add347e wp-block-group-is-layout-flex\" style=\"padding-top:var(--wp--preset--spacing--30);padding-bottom:var(--wp--preset--spacing--30)\">\n<h3 class=\"wp-block-heading has-text-align-center has-body-font-family\" style=\"padding-top:0;padding-bottom:var(--wp--preset--spacing--30)\">D\u00e9veloppeur web<\/h3>\n\n\n\n<p>Le r\u00f4le du d\u00e9veloppeur web est de d\u00e9velopper des interfaces web adapt\u00e9es aux besoins de son client. Il peut s\u2019agir de sites Intranet, de sites internet, d\u2019applications web ou d\u2019outils en ligne. Il r\u00e9pond \u00e0 un cahier des charges \u00e9labor\u00e9 par le client ou un chef de projet. Il contribue \u00e9galement \u00e0 sa r\u00e9daction, en conseillant sur les aspects techniques que ne ma\u00eetrise pas forc\u00e9ment le chef de projet. il travaille en agence, en entreprise ou en freelance. Il existe 3 types de d\u00e9veloppeur web:<\/p>\n\n\n\n<ul class=\"wp-block-list\">\n<li>Le d\u00e9veloppeur frontend, qui cr\u00e9e le code qui permet l\u2019int\u00e9gration du site au web, les langages n\u00e9cessaires \u00e9tant HTML, CSS, et JavaScript. C\u2019est lui qui fait les tests et s\u2019occupe de la performance du site web<\/li>\n\n\n\n<li>Le d\u00e9veloppeur backend cr\u00e9e le code qui sera lu par les serveurs, les bases de donn\u00e9es et les applications int\u00e9gr\u00e9es. Il travaille avec les langages MySQL, PHP et autres.<\/li>\n\n\n\n<li>Le d\u00e9veloppeur fullstack est capable de chaque activit\u00e9 d\u00e9crite au-dessus. Il cr\u00e9e \u00e0 la fois le code \u00e0 int\u00e9grer au site et le code pour les serveurs et bases de donn\u00e9es.<\/li>\n<\/ul>\n\n\n\n<p>Aussi, le d\u00e9veloppeur doit \u00eatre capable de travailler avec des CMS (Content Management System) qui sont des logiciels permettant la mise en page de pages web sans codages, comme WordPress. <\/p>\n\n\n\n<p>J&rsquo;ai d\u00e9couvert ce m\u00e9tier lors du d\u00e9but de ma premi\u00e8re en BUT MMI et je suis int\u00e9ress\u00e9 par l&rsquo;int\u00e9gration web. Si je d\u00e9cide de devenir d\u00e9veloppeur web \u00e0 l\u2019issue de mes \u00e9tudes, je m&rsquo;orienterai soit vers le frontend pour l\u2019int\u00e9gration web, ou alors vers le fullstack en g\u00e9rant \u00e9galement les serveurs et les bases de donn\u00e9es.<\/p>\n\n\n\n<div class=\"wp-block-group has-global-padding is-layout-constrained wp-block-group-is-layout-constrained\"><\/div>\n<\/div>\n<\/div>\n<\/div>\n","protected":false},"excerpt":{"rendered":"<p>Mon parcours Ma formation Baccalaur\u00e9at g\u00e9n\u00e9ral Depuis Juillet 2024, je suis titulaire d&rsquo;un baccalaur\u00e9at g\u00e9n\u00e9ral avec les sp\u00e9cialit\u00e9s Math\u00e9matiques et NSI (Num\u00e9rique et Sciences Informatiques), que j&rsquo;ai obtenu au lyc\u00e9e de l&rsquo;Essouriau aux Ulis. BUT M\u00e9tiers du Multim\u00e9dia et de l&rsquo;Internet Depuis septembre 2024, je suis un \u00e9tudiant en premi\u00e8re ann\u00e9e de Bachelor Universitaire de [&hellip;]<\/p>\n","protected":false},"author":1,"featured_media":0,"parent":0,"menu_order":0,"comment_status":"closed","ping_status":"closed","template":"","meta":{"footnotes":""},"class_list":["post-172","page","type-page","status-publish","hentry"],"_links":{"self":[{"href":"https:\/\/portfolio.jahnik.labry.mmi-velizy.fr\/wordpress\/wp-json\/wp\/v2\/pages\/172","targetHints":{"allow":["GET"]}}],"collection":[{"href":"https:\/\/portfolio.jahnik.labry.mmi-velizy.fr\/wordpress\/wp-json\/wp\/v2\/pages"}],"about":[{"href":"https:\/\/portfolio.jahnik.labry.mmi-velizy.fr\/wordpress\/wp-json\/wp\/v2\/types\/page"}],"author":[{"embeddable":true,"href":"https:\/\/portfolio.jahnik.labry.mmi-velizy.fr\/wordpress\/wp-json\/wp\/v2\/users\/1"}],"replies":[{"embeddable":true,"href":"https:\/\/portfolio.jahnik.labry.mmi-velizy.fr\/wordpress\/wp-json\/wp\/v2\/comments?post=172"}],"version-history":[{"count":44,"href":"https:\/\/portfolio.jahnik.labry.mmi-velizy.fr\/wordpress\/wp-json\/wp\/v2\/pages\/172\/revisions"}],"predecessor-version":[{"id":454,"href":"https:\/\/portfolio.jahnik.labry.mmi-velizy.fr\/wordpress\/wp-json\/wp\/v2\/pages\/172\/revisions\/454"}],"wp:attachment":[{"href":"https:\/\/portfolio.jahnik.labry.mmi-velizy.fr\/wordpress\/wp-json\/wp\/v2\/media?parent=172"}],"curies":[{"name":"wp","href":"https:\/\/api.w.org\/{rel}","templated":true}]}}