{"id":111,"date":"2025-04-05T12:09:57","date_gmt":"2025-04-05T10:09:57","guid":{"rendered":"https:\/\/portfolio.jahnik.labry.mmi-velizy.fr\/wordpress\/?page_id=111"},"modified":"2025-04-10T22:47:41","modified_gmt":"2025-04-10T20:47:41","slug":"qui-suis-je","status":"publish","type":"page","link":"https:\/\/portfolio.jahnik.labry.mmi-velizy.fr\/wordpress\/qui-suis-je\/","title":{"rendered":"Qui suis-je ?"},"content":{"rendered":"\n<div class=\"wp-block-group has-contrast-color has-text-color has-link-color wp-elements-5d09ee0db117730cd8dda5bf6561aa15 has-global-padding is-layout-constrained wp-container-core-group-is-layout-12243e0f wp-block-group-is-layout-constrained\">\n<h1 class=\"wp-block-heading has-text-align-center has-body-font-family\" style=\"padding-top:var(--wp--preset--spacing--40)\">Qui suis-je ?<\/h1>\n\n\n\n<h2 class=\"wp-block-heading has-contrast-color has-text-color has-link-color has-body-font-family wp-elements-721c5d71d1e2c0e74315c07081d35daf\" style=\"padding-top:var(--wp--preset--spacing--40);padding-bottom:var(--wp--preset--spacing--40)\">Mon enfance<\/h2>\n\n\n\n<p class=\"has-contrast-color has-text-color has-link-color wp-elements-4da09a1ebda06027d6a686442b79a07d\">Depuis un tr\u00e8s jeune \u00e2ge, j\u2019ai une passion : les jeux vid\u00e9o. J\u2019\u00e9tais un enfant qui adorait apprendre des choses. Que ce soit pour \u00e9crire ou pour dessiner, j\u2019aimais tenir un crayon, mais c\u2019est en tenant une manette de jeu devant un \u00e9cran que j&rsquo;ai toujours trouv\u00e9 mon plus grand confort. Puis un jour, il a fallu que je r\u00e9fl\u00e9chisse au m\u00e9tier que je r\u00eave d\u2019exercer.<\/p>\n\n\n\n<blockquote class=\"wp-block-quote has-background is-layout-flow wp-block-quote-is-layout-flow\" style=\"border-width:1px;border-radius:15px;background-color:#161616;margin-top:var(--wp--preset--spacing--30);margin-bottom:var(--wp--preset--spacing--30);padding-top:var(--wp--preset--spacing--20);padding-bottom:var(--wp--preset--spacing--20)\">\n<p class=\"has-contrast-color has-text-color has-link-color has-system-sans-serif-font-family wp-elements-2d4a8dd10fc131907b8a9096b7ccc4d6\"><em>\u201cPuisque les jeux vid\u00e9os ont combl\u00e9 tant mon enfance, pourquoi ne pas en cr\u00e9er moi m\u00eame pour combler l\u2019enfance des autres ?\u201d<\/em><\/p>\n<\/blockquote>\n\n\n\n<p class=\"has-contrast-color has-text-color has-link-color wp-elements-be24464e593194fce0baea64d759721f\">Cette question r\u00e9sonna dans ma t\u00eate le long de ma scolarit\u00e9 et je suis devenu titulaire d\u2019un baccalaur\u00e9at g\u00e9n\u00e9ral avec les sp\u00e9cialit\u00e9s Math\u00e9matiques et Num\u00e9riques et Sciences Informatiques. Il ne me restait plus qu&rsquo;\u00e0 trouver une formation post bac dans le secteur du num\u00e9rique.<\/p>\n\n\n\n<h2 class=\"wp-block-heading has-contrast-color has-text-color has-link-color has-body-font-family wp-elements-b7e92a960d896434eeb7454180ccdcde\" style=\"padding-top:var(--wp--preset--spacing--40);padding-bottom:var(--wp--preset--spacing--40)\">Les \u00e9tudes sup\u00e9rieures<\/h2>\n\n\n\n<p class=\"has-contrast-color has-text-color has-link-color wp-elements-3612edf6599914d7c8fcd0b484ca1317\">Aujourd\u2019hui, je suis \u00e9tudiant en BUT M\u00e9tiers du Multim\u00e9dia et de l\u2019Internet. Cela me permet de d\u00e9velopper une grande quantit\u00e9 de comp\u00e9tences dans le domaine du num\u00e9rique et d\u2019acc\u00e9der \u00e0 l\u2019issue de ma formation \u00e0 une large gamme de m\u00e9tiers dans le graphisme ou encore dans le d\u00e9veloppement web, dont le m\u00e9tier de game designer, une occasion pour moi de participer \u00e0 la cr\u00e9ation de jeux vid\u00e9o et de souvenirs d\u2019enfance pour la prochaine g\u00e9n\u00e9ration: je ne suis qu\u2019\u00e0 3 ann\u00e9es d\u2019\u00e9tude de r\u00e9aliser mon r\u00eave.<\/p>\n\n\n\n<p class=\"has-contrast-color has-text-color has-link-color wp-elements-aee4bbfbc26d4d261d1c7fc7a724f46b\">Cette formation est la route vers mon objectif, mais elle est aussi la source d\u2019une nouvelle interrogation. Avant le BUT, je n\u2019ai jamais appris \u00e0 utiliser de logiciel de retouche photo ou de montage vid\u00e9o, et je ne ma\u00eetrisais que vaguement le langage de programmation Python. D\u00e9sormais je d\u00e9couvre tellement de nouvelles disciplines que ma curiosit\u00e9 semble reprendre le dessus sur mon objectif premier qui \u00e9tait de cr\u00e9er des jeux vid\u00e9o.<\/p>\n\n\n\n<blockquote class=\"wp-block-quote has-background is-layout-flow wp-block-quote-is-layout-flow\" style=\"border-width:1px;border-radius:15px;background-color:#161616;margin-top:var(--wp--preset--spacing--30);margin-bottom:var(--wp--preset--spacing--30);padding-top:var(--wp--preset--spacing--20);padding-bottom:var(--wp--preset--spacing--20)\">\n<p class=\"has-contrast-color has-text-color has-link-color has-system-sans-serif-font-family wp-elements-e2a621c74f17e74b861cd22bdfc94546\">\u201cFinalement, pourquoi ne pas devenir d\u00e9veloppeur web ? Ou monteur vid\u00e9o ? Graphiste ?\u201d<\/p>\n<\/blockquote>\n\n\n\n<p class=\"has-contrast-color has-text-color has-link-color wp-elements-02c8dd7b2cc970e8c5f99b532f236fd0\">Le d\u00e9partement MMI permet d\u2019exercer ces 3 m\u00e9tiers, et ces activit\u00e9s sont mes favorites depuis mon entr\u00e9e dans les \u00e9tudes sup\u00e9rieures. Je suis de nouveau amen\u00e9 \u00e0 remettre en question mon projet professionnel et je ne suis pas encore s\u00fbr du m\u00e9tier que je vais exercer \u00e0 l&rsquo;issue du BUT MMI.<\/p>\n\n\n\n<p>Vous pouvez retrouver mes productions personnelles dans mon blog.<\/p>\n\n\n\n<div class=\"wp-block-buttons is-content-justification-center is-layout-flex wp-container-core-buttons-is-layout-13d56af2 wp-block-buttons-is-layout-flex\" style=\"padding-top:var(--wp--preset--spacing--40);padding-bottom:var(--wp--preset--spacing--30)\">\n<div class=\"wp-block-button is-style-fill\"><a class=\"wp-block-button__link has-contrast-color has-text-color has-background has-link-color has-text-align-center wp-element-button\" href=\"https:\/\/portfolio.jahnik.labry.mmi-velizy.fr\/wordpress\/blog\" style=\"background-color:#000000;box-shadow:var(--wp--preset--shadow--natural)\">Voir le blog<\/a><\/div>\n<\/div>\n<\/div>\n","protected":false},"excerpt":{"rendered":"<p>Qui suis-je ? Mon enfance Depuis un tr\u00e8s jeune \u00e2ge, j\u2019ai une passion : les jeux vid\u00e9o. J\u2019\u00e9tais un enfant qui adorait apprendre des choses. Que ce soit pour \u00e9crire ou pour dessiner, j\u2019aimais tenir un crayon, mais c\u2019est en tenant une manette de jeu devant un \u00e9cran que j&rsquo;ai toujours trouv\u00e9 mon plus grand [&hellip;]<\/p>\n","protected":false},"author":1,"featured_media":0,"parent":0,"menu_order":0,"comment_status":"closed","ping_status":"closed","template":"","meta":{"footnotes":""},"class_list":["post-111","page","type-page","status-publish","hentry"],"_links":{"self":[{"href":"https:\/\/portfolio.jahnik.labry.mmi-velizy.fr\/wordpress\/wp-json\/wp\/v2\/pages\/111","targetHints":{"allow":["GET"]}}],"collection":[{"href":"https:\/\/portfolio.jahnik.labry.mmi-velizy.fr\/wordpress\/wp-json\/wp\/v2\/pages"}],"about":[{"href":"https:\/\/portfolio.jahnik.labry.mmi-velizy.fr\/wordpress\/wp-json\/wp\/v2\/types\/page"}],"author":[{"embeddable":true,"href":"https:\/\/portfolio.jahnik.labry.mmi-velizy.fr\/wordpress\/wp-json\/wp\/v2\/users\/1"}],"replies":[{"embeddable":true,"href":"https:\/\/portfolio.jahnik.labry.mmi-velizy.fr\/wordpress\/wp-json\/wp\/v2\/comments?post=111"}],"version-history":[{"count":18,"href":"https:\/\/portfolio.jahnik.labry.mmi-velizy.fr\/wordpress\/wp-json\/wp\/v2\/pages\/111\/revisions"}],"predecessor-version":[{"id":452,"href":"https:\/\/portfolio.jahnik.labry.mmi-velizy.fr\/wordpress\/wp-json\/wp\/v2\/pages\/111\/revisions\/452"}],"wp:attachment":[{"href":"https:\/\/portfolio.jahnik.labry.mmi-velizy.fr\/wordpress\/wp-json\/wp\/v2\/media?parent=111"}],"curies":[{"name":"wp","href":"https:\/\/api.w.org\/{rel}","templated":true}]}}